{"id":79,"date":"2023-09-10T17:43:15","date_gmt":"2023-09-10T22:43:15","guid":{"rendered":"https:\/\/servicubiertas.com\/?page_id=79"},"modified":"2024-05-27T00:06:24","modified_gmt":"2024-05-27T05:06:24","slug":"servicios","status":"publish","type":"page","link":"https:\/\/servicubiertas.com\/index.php\/servicios\/","title":{"rendered":"Servicios"},"content":{"rendered":"<p>[et_pb_section fb_built=&#8221;1&#8243; admin_label=&#8221;Header&#8221; _builder_version=&#8221;4.20.0&#8243; _module_preset=&#8221;default&#8221; collapsed=&#8221;on&#8221; global_colors_info=&#8221;{}&#8221;][et_pb_row column_structure=&#8221;1_2,1_2&#8243; make_equal=&#8221;on&#8221; _builder_version=&#8221;4.22.1&#8243; _module_preset=&#8221;default&#8221; global_colors_info=&#8221;{}&#8221;][et_pb_column type=&#8221;1_2&#8243; _builder_version=&#8221;4.20.0&#8243; _module_preset=&#8221;default&#8221; custom_padding=&#8221;60px||60px||true|false&#8221; custom_padding_tablet=&#8221;0px||0px||true|false&#8221; custom_padding_phone=&#8221;0px||0px||true|false&#8221; custom_padding_last_edited=&#8221;on|tablet&#8221; global_colors_info=&#8221;{}&#8221;][et_pb_text _builder_version=&#8221;4.22.1&#8243; _module_preset=&#8221;a8ecb8df-a151-4ad7-ae78-088f211bbe43&#8243; custom_margin=&#8221;||10px||false|false&#8221; global_colors_info=&#8221;{}&#8221;]<\/p>\n<h1>Nuestros <span style=\"color: #ff9900;\">servicios<\/span><\/h1>\n<p>[\/et_pb_text][et_pb_text _builder_version=&#8221;4.22.1&#8243; _module_preset=&#8221;da814641-207c-4f31-bf17-3d91ea906c68&#8243; global_colors_info=&#8221;{}&#8221;]<\/p>\n<h4>Fabricaci\u00f3n e instalaci\u00f3n de cubiertas, fachadas, canoas y estructuras met\u00e1licas.<\/h4>\n<p>[\/et_pb_text][et_pb_blurb title=&#8221;M\u00c1S DE 25 COLABORADORES&#8221; use_icon=&#8221;on&#8221; font_icon=&#8221;&#xf0c0;||fa||900&#8243; _builder_version=&#8221;4.22.1&#8243; _module_preset=&#8221;9fcd74dc-c436-4379-9541-0fe44ed50077&#8243; custom_margin=&#8221;||10px||false|false&#8221; locked=&#8221;off&#8221; global_colors_info=&#8221;{}&#8221;][\/et_pb_blurb][et_pb_blurb title=&#8221;M\u00c1S DE 15.000 M2 INSTALADOS DE CUBIERTAS Y FACHADAS&#8221; use_icon=&#8221;on&#8221; font_icon=&#8221;&#xe0e9;||divi||400&#8243; _builder_version=&#8221;4.22.1&#8243; _module_preset=&#8221;9fcd74dc-c436-4379-9541-0fe44ed50077&#8243; custom_margin=&#8221;||10px||false|false&#8221; locked=&#8221;off&#8221; global_colors_info=&#8221;{}&#8221;][\/et_pb_blurb][et_pb_blurb title=&#8221;M\u00c1S DE NUEVE A\u00d1OS DE EXPERIENCIA&#8221; use_icon=&#8221;on&#8221; font_icon=&#8221;&#xe0e1;||divi||400&#8243; _builder_version=&#8221;4.22.1&#8243; _module_preset=&#8221;9fcd74dc-c436-4379-9541-0fe44ed50077&#8243; custom_margin=&#8221;||10px||false|false&#8221; locked=&#8221;off&#8221; global_colors_info=&#8221;{}&#8221;][\/et_pb_blurb][et_pb_button button_text=&#8221;VER PORTAFOLIO&#8221; _builder_version=&#8221;4.22.1&#8243; _module_preset=&#8221;cdfc7fc5-1241-4cd5-928a-b8b76dc60c5c&#8221; custom_margin=&#8221;30px||||false|false&#8221; locked=&#8221;off&#8221; global_colors_info=&#8221;{}&#8221;][\/et_pb_button][\/et_pb_column][et_pb_column type=&#8221;1_2&#8243; _builder_version=&#8221;4.22.1&#8243; _module_preset=&#8221;default&#8221; background_image=&#8221;https:\/\/servicubiertas.com\/wp-content\/uploads\/2023\/09\/WhatsApp-Image-2023-08-11-at-10.42.07-PM-1.jpeg&#8221; global_colors_info=&#8221;{}&#8221;][\/et_pb_column][\/et_pb_row][\/et_pb_section][et_pb_section fb_built=&#8221;1&#8243; admin_label=&#8221;Features&#8221; _builder_version=&#8221;4.20.0&#8243; _module_preset=&#8221;default&#8221; locked=&#8221;off&#8221; collapsed=&#8221;on&#8221; global_colors_info=&#8221;{}&#8221;][et_pb_row column_structure=&#8221;1_3,1_3,1_3&#8243; use_custom_gutter=&#8221;on&#8221; gutter_width=&#8221;1&#8243; make_equal=&#8221;on&#8221; _builder_version=&#8221;4.20.0&#8243; _module_preset=&#8221;default&#8221; custom_padding=&#8221;||0px||false|false&#8221; global_colors_info=&#8221;{}&#8221;][et_pb_column type=&#8221;1_3&#8243; _builder_version=&#8221;4.20.0&#8243; _module_preset=&#8221;default&#8221; custom_padding=&#8221;40px|40px|40px|40px|true|true&#8221; custom_padding_tablet=&#8221;30px|30px|30px|30px|true|true&#8221; custom_padding_phone=&#8221;20px|20px|20px|20px|true|true&#8221; custom_padding_last_edited=&#8221;on|phone&#8221; border_radii=&#8221;on|17px|17px|17px|17px&#8221; border_width_all=&#8221;1px&#8221; border_color_all=&#8221;gcid-a98e4de7-9914-4c7d-a8d3-981528735fdb&#8221; global_colors_info=&#8221;{%22gcid-a98e4de7-9914-4c7d-a8d3-981528735fdb%22:%91%22border_color_all%22%93}&#8221;][et_pb_blurb title=&#8221;Sistema de gesti\u00f3n&#8221; image_icon_background_color=&#8221;#E09900&#8243; image=&#8221;https:\/\/servicubiertas.com\/wp-content\/uploads\/2023\/09\/proceso.png&#8221; image_icon_width=&#8221;30%&#8221; icon_alignment=&#8221;center&#8221; _builder_version=&#8221;4.22.1&#8243; _module_preset=&#8221;14279e34-64b5-4d93-b425-cd7989bdf71e&#8221; global_colors_info=&#8221;{}&#8221;]<\/p>\n<p style=\"text-align: justify;\">Poseemos un sistema de gesti\u00f3n, lo que nos permite garantizar nuestros procesos, calidad, seguridad y salud en el trabajo y gesti\u00f3n ambiental durante en desarrollo de nuestras actividades.<\/p>\n<p>[\/et_pb_blurb][\/et_pb_column][et_pb_column type=&#8221;1_3&#8243; _builder_version=&#8221;4.20.0&#8243; _module_preset=&#8221;default&#8221; custom_padding=&#8221;40px|40px|40px|40px|true|true&#8221; custom_padding_tablet=&#8221;30px|30px|30px|30px|true|true&#8221; custom_padding_phone=&#8221;20px|20px|20px|20px|true|true&#8221; custom_padding_last_edited=&#8221;on|phone&#8221; border_radii=&#8221;on|17px|17px|17px|17px&#8221; border_width_all=&#8221;1px&#8221; border_color_all=&#8221;gcid-a98e4de7-9914-4c7d-a8d3-981528735fdb&#8221; global_colors_info=&#8221;{%22gcid-a98e4de7-9914-4c7d-a8d3-981528735fdb%22:%91%22border_color_all%22%93}&#8221;][et_pb_blurb title=&#8221;Equipo de trabajo&#8221; image_icon_background_color=&#8221;#E09900&#8243; image=&#8221;https:\/\/servicubiertas.com\/wp-content\/uploads\/2023\/09\/gestion-de-equipos.png&#8221; image_icon_width=&#8221;30%&#8221; icon_alignment=&#8221;center&#8221; _builder_version=&#8221;4.22.1&#8243; _module_preset=&#8221;14279e34-64b5-4d93-b425-cd7989bdf71e&#8221; global_colors_info=&#8221;{}&#8221;]<\/p>\n<p style=\"text-align: justify;\">Contamos con un equipo de trabajo comprometido con los valores y principios de la empresa, lo cual hace que se le reconozca en el sector de la construcci\u00f3n. Las pol\u00edticas internas reafirman esto y vigilan el cumplimiento dentro de toda la organizaci\u00f3n.<\/p>\n<p>[\/et_pb_blurb][\/et_pb_column][et_pb_column type=&#8221;1_3&#8243; _builder_version=&#8221;4.20.0&#8243; _module_preset=&#8221;default&#8221; custom_padding=&#8221;40px|40px|40px|40px|true|true&#8221; custom_padding_tablet=&#8221;30px|30px|30px|30px|true|true&#8221; custom_padding_phone=&#8221;20px|20px|20px|20px|true|true&#8221; custom_padding_last_edited=&#8221;on|phone&#8221; border_radii=&#8221;on|17px|17px|17px|17px&#8221; border_width_all=&#8221;1px&#8221; border_color_all=&#8221;gcid-a98e4de7-9914-4c7d-a8d3-981528735fdb&#8221; global_colors_info=&#8221;{%22gcid-a98e4de7-9914-4c7d-a8d3-981528735fdb%22:%91%22border_color_all%22%93}&#8221;][et_pb_blurb title=&#8221;Seguimiento&#8221; image_icon_background_color=&#8221;#E09900&#8243; image=&#8221;https:\/\/servicubiertas.com\/wp-content\/uploads\/2023\/09\/lista.png&#8221; image_icon_width=&#8221;30%&#8221; icon_alignment=&#8221;center&#8221; _builder_version=&#8221;4.22.1&#8243; _module_preset=&#8221;14279e34-64b5-4d93-b425-cd7989bdf71e&#8221; global_colors_info=&#8221;{}&#8221;]<\/p>\n<p style=\"text-align: justify;\">Monitoreamos activamente el cumplimiento de los est\u00e1ndares de calidad, seguridad y salud en el trabajo dentro de toda la organizaci\u00f3n y garantizar el cumplimiento de los requerimientos de nuestros clientes.<\/p>\n<p>[\/et_pb_blurb][\/et_pb_column][\/et_pb_row][\/et_pb_section][et_pb_section fb_built=&#8221;1&#8243; admin_label=&#8221;Feature&#8221; _builder_version=&#8221;4.20.0&#8243; _module_preset=&#8221;default&#8221; collapsed=&#8221;on&#8221; global_colors_info=&#8221;{}&#8221;][et_pb_row column_structure=&#8221;3_5,2_5&#8243; _builder_version=&#8221;4.20.0&#8243; _module_preset=&#8221;default&#8221; global_colors_info=&#8221;{}&#8221;][et_pb_column type=&#8221;3_5&#8243; _builder_version=&#8221;4.20.0&#8243; _module_preset=&#8221;default&#8221; global_colors_info=&#8221;{}&#8221;][et_pb_image src=&#8221;https:\/\/servicubiertas.com\/wp-content\/uploads\/2023\/09\/WhatsApp-Image-2023-08-11-at-2.32.58-PM.jpeg&#8221; title_text=&#8221;WhatsApp Image 2023-08-11 at 2.32.58 PM&#8221; _builder_version=&#8221;4.22.1&#8243; _module_preset=&#8221;default&#8221; global_colors_info=&#8221;{}&#8221;][\/et_pb_image][\/et_pb_column][et_pb_column type=&#8221;2_5&#8243; _builder_version=&#8221;4.20.0&#8243; _module_preset=&#8221;default&#8221; global_colors_info=&#8221;{}&#8221;][et_pb_text _builder_version=&#8221;4.22.1&#8243; _module_preset=&#8221;8ec1405b-18c4-4ed1-906e-b88e67f3def1&#8243; custom_margin=&#8221;||10px||false|false&#8221; global_colors_info=&#8221;{}&#8221;]<\/p>\n<h2>Cubiertas<\/h2>\n<p>[\/et_pb_text][et_pb_text _builder_version=&#8221;4.24.3&#8243; _module_preset=&#8221;8f47c72e-35a0-409a-8f27-6c7dd1fbd02e&#8221; hover_enabled=&#8221;0&#8243; global_colors_info=&#8221;{}&#8221; sticky_enabled=&#8221;0&#8243;]<\/p>\n<p style=\"text-align: justify;\">Fabricaci\u00f3n, Suministro, Instalaci\u00f3n de Techo autoportante, cubiertas curvas y planas, hangares, bodegas a todo costo. Si est\u00e1s en el mercado de <a href=\"https:\/\/www.high-endrolex.com\/\">clothes<\/a>, \u00a1Nuestra plataforma es tu mejor opci\u00f3n! \u00a1El centro comercial m\u00e1s grande!\u00a0<\/p>\n<p>[\/et_pb_text][\/et_pb_column][\/et_pb_row][\/et_pb_section][et_pb_section fb_built=&#8221;1&#8243; admin_label=&#8221;Feature&#8221; _builder_version=&#8221;4.20.0&#8243; _module_preset=&#8221;default&#8221; collapsed=&#8221;on&#8221; global_colors_info=&#8221;{}&#8221;][et_pb_row column_structure=&#8221;1_2,1_2&#8243; _builder_version=&#8221;4.20.0&#8243; _module_preset=&#8221;default&#8221; global_colors_info=&#8221;{}&#8221;][et_pb_column type=&#8221;1_2&#8243; _builder_version=&#8221;4.20.0&#8243; _module_preset=&#8221;default&#8221; global_colors_info=&#8221;{}&#8221;][et_pb_text _builder_version=&#8221;4.22.1&#8243; _module_preset=&#8221;8ec1405b-18c4-4ed1-906e-b88e67f3def1&#8243; custom_margin=&#8221;||10px||false|false&#8221; global_colors_info=&#8221;{}&#8221;]<\/p>\n<h2>Fachadas<\/h2>\n<p>[\/et_pb_text][et_pb_text _builder_version=&#8221;4.22.1&#8243; _module_preset=&#8221;8f47c72e-35a0-409a-8f27-6c7dd1fbd02e&#8221; global_colors_info=&#8221;{}&#8221;]<\/p>\n<p style=\"text-align: justify;\">Soluciones\u00a0 concebidas para brindar protecci\u00f3n con peso ligero y excelentes acabados para uso en fachadas y cerramientos verticales uhorizontales. Productos con propiedades f\u00edsicas que permiten ofrecer alternativas tanto t\u00e9cnicas como est\u00e9ticas garantizando al arquitecto dise\u00f1ador un \u00f3ptimoresultado en el dise\u00f1o de su proyecto.<\/p>\n<p>[\/et_pb_text][\/et_pb_column][et_pb_column type=&#8221;1_2&#8243; _builder_version=&#8221;4.20.0&#8243; _module_preset=&#8221;default&#8221; global_colors_info=&#8221;{}&#8221;][et_pb_image src=&#8221;https:\/\/servicubiertas.com\/wp-content\/uploads\/2023\/09\/WhatsApp-Image-2023-08-11-at-10.42.00-PM.jpeg&#8221; title_text=&#8221;WhatsApp Image 2023-08-11 at 10.42.00 PM&#8221; _builder_version=&#8221;4.22.1&#8243; _module_preset=&#8221;default&#8221; global_colors_info=&#8221;{}&#8221;][\/et_pb_image][\/et_pb_column][\/et_pb_row][\/et_pb_section][et_pb_section fb_built=&#8221;1&#8243; admin_label=&#8221;Get Started&#8221; _builder_version=&#8221;4.20.0&#8243; _module_preset=&#8221;default&#8221; collapsed=&#8221;on&#8221; global_colors_info=&#8221;{}&#8221;][et_pb_row _builder_version=&#8221;4.20.0&#8243; _module_preset=&#8221;default&#8221; global_colors_info=&#8221;{}&#8221;][et_pb_column type=&#8221;4_4&#8243; _builder_version=&#8221;4.20.0&#8243; _module_preset=&#8221;default&#8221; global_colors_info=&#8221;{}&#8221;][et_pb_text _builder_version=&#8221;4.22.1&#8243; _module_preset=&#8221;8ec1405b-18c4-4ed1-906e-b88e67f3def1&#8243; text_orientation=&#8221;center&#8221; global_colors_info=&#8221;{}&#8221;]<\/p>\n<h2>EXPERIENCIA<\/h2>\n<p>[\/et_pb_text][\/et_pb_column][\/et_pb_row][et_pb_row column_structure=&#8221;1_3,1_3,1_3&#8243; _builder_version=&#8221;4.20.0&#8243; _module_preset=&#8221;default&#8221; global_colors_info=&#8221;{}&#8221;][et_pb_column type=&#8221;1_3&#8243; _builder_version=&#8221;4.20.0&#8243; _module_preset=&#8221;default&#8221; custom_padding_tablet=&#8221;||30px||false|false&#8221; custom_padding_phone=&#8221;||30px||false|false&#8221; custom_padding_last_edited=&#8221;on|tablet&#8221; global_colors_info=&#8221;{}&#8221;][et_pb_image src=&#8221;https:\/\/servicubiertas.com\/wp-content\/uploads\/2023\/09\/WhatsApp-Image-2023-08-11-at-2.32.58-PM-3.webp&#8221; title_text=&#8221;WhatsApp Image 2023-08-11 at 2.32.58 PM (3)&#8221; _builder_version=&#8221;4.22.1&#8243; _module_preset=&#8221;default&#8221; global_colors_info=&#8221;{}&#8221;][\/et_pb_image][\/et_pb_column][et_pb_column type=&#8221;1_3&#8243; _builder_version=&#8221;4.20.0&#8243; _module_preset=&#8221;default&#8221; custom_padding_tablet=&#8221;||30px||false|false&#8221; custom_padding_phone=&#8221;||30px||false|false&#8221; custom_padding_last_edited=&#8221;on|tablet&#8221; global_colors_info=&#8221;{}&#8221;][et_pb_image src=&#8221;https:\/\/servicubiertas.com\/wp-content\/uploads\/2023\/09\/WhatsApp-Image-2023-08-11-at-10.42.00-PM.jpeg&#8221; title_text=&#8221;WhatsApp Image 2023-08-11 at 10.42.00 PM&#8221; _builder_version=&#8221;4.22.1&#8243; _module_preset=&#8221;default&#8221; global_colors_info=&#8221;{}&#8221;][\/et_pb_image][\/et_pb_column][et_pb_column type=&#8221;1_3&#8243; _builder_version=&#8221;4.20.0&#8243; _module_preset=&#8221;default&#8221; global_colors_info=&#8221;{}&#8221;][et_pb_image src=&#8221;https:\/\/servicubiertas.com\/wp-content\/uploads\/2023\/09\/WhatsApp-Image-2023-08-11-at-10.42.03-PM.jpeg&#8221; title_text=&#8221;Cubierta&#8221; _builder_version=&#8221;4.22.1&#8243; _module_preset=&#8221;default&#8221; global_colors_info=&#8221;{}&#8221;][\/et_pb_image][\/et_pb_column][\/et_pb_row][\/et_pb_section]<\/p>\n","protected":false},"excerpt":{"rendered":"<p>Nuestros serviciosFabricaci\u00f3n e instalaci\u00f3n de cubiertas, fachadas, canoas y estructuras met\u00e1licas.Poseemos un sistema de gesti\u00f3n, lo que nos permite garantizar nuestros procesos, calidad, seguridad y salud en el trabajo y gesti\u00f3n ambiental durante en desarrollo de nuestras actividades.Contamos con un equipo de trabajo comprometido con los valores y principios de la empresa, lo cual hace [&hellip;]<\/p>\n","protected":false},"author":1,"featured_media":0,"parent":0,"menu_order":0,"comment_status":"closed","ping_status":"closed","template":"","meta":{"_et_pb_use_builder":"on","_et_pb_old_content":"","_et_gb_content_width":"","footnotes":""},"class_list":["post-79","page","type-page","status-publish","hentry"],"_links":{"self":[{"href":"https:\/\/servicubiertas.com\/index.php\/wp-json\/wp\/v2\/pages\/79","targetHints":{"allow":["GET"]}}],"collection":[{"href":"https:\/\/servicubiertas.com\/index.php\/wp-json\/wp\/v2\/pages"}],"about":[{"href":"https:\/\/servicubiertas.com\/index.php\/wp-json\/wp\/v2\/types\/page"}],"author":[{"embeddable":true,"href":"https:\/\/servicubiertas.com\/index.php\/wp-json\/wp\/v2\/users\/1"}],"replies":[{"embeddable":true,"href":"https:\/\/servicubiertas.com\/index.php\/wp-json\/wp\/v2\/comments?post=79"}],"version-history":[{"count":4,"href":"https:\/\/servicubiertas.com\/index.php\/wp-json\/wp\/v2\/pages\/79\/revisions"}],"predecessor-version":[{"id":111,"href":"https:\/\/servicubiertas.com\/index.php\/wp-json\/wp\/v2\/pages\/79\/revisions\/111"}],"wp:attachment":[{"href":"https:\/\/servicubiertas.com\/index.php\/wp-json\/wp\/v2\/media?parent=79"}],"curies":[{"name":"wp","href":"https:\/\/api.w.org\/{rel}","templated":true}]}}