{"id":55,"date":"2023-09-10T12:30:58","date_gmt":"2023-09-10T17:30:58","guid":{"rendered":"https:\/\/servicubiertas.com\/?page_id=55"},"modified":"2024-05-27T00:05:47","modified_gmt":"2024-05-27T05:05:47","slug":"nosotros","status":"publish","type":"page","link":"https:\/\/servicubiertas.com\/index.php\/nosotros\/","title":{"rendered":"Nosotros"},"content":{"rendered":"<p>[et_pb_section fb_built=&#8221;1&#8243; admin_label=&#8221;Header&#8221; _builder_version=&#8221;4.22.1&#8243; _module_preset=&#8221;default&#8221; use_background_color_gradient=&#8221;on&#8221; background_color_gradient_stops=&#8221;rgba(0,0,0,0.8) 0%|rgba(0,0,0,0.5) 100%&#8221; background_color_gradient_overlays_image=&#8221;on&#8221; background_image=&#8221;https:\/\/servicubiertas.com\/wp-content\/uploads\/2023\/09\/WhatsApp-Image-2023-08-11-at-2.32.58-PM-3.webp&#8221; collapsed=&#8221;on&#8221; global_colors_info=&#8221;{}&#8221;][et_pb_row _builder_version=&#8221;4.20.0&#8243; _module_preset=&#8221;default&#8221; custom_padding=&#8221;||111px|||&#8221; global_colors_info=&#8221;{}&#8221;][et_pb_column type=&#8221;4_4&#8243; _builder_version=&#8221;4.20.0&#8243; _module_preset=&#8221;default&#8221; global_colors_info=&#8221;{}&#8221;][et_pb_text _builder_version=&#8221;4.22.1&#8243; _module_preset=&#8221;3e8a6849-2759-4ccc-aa09-d1cb9706a6a7&#8243; header_text_color=&#8221;#FFFFFF&#8221; global_colors_info=&#8221;{}&#8221;]<\/p>\n<h1>NOSOTROS<\/h1>\n<p>[\/et_pb_text][et_pb_text _builder_version=&#8221;4.22.1&#8243; _module_preset=&#8221;default&#8221; global_colors_info=&#8221;{}&#8221;]<\/p>\n<h2 style=\"text-align: center;\"><span style=\"color: #ffffff;\">Somos una empresa dedicada a la fabricaci\u00f3n e instalaci\u00f3n de<\/span> <span style=\"color: #ffffff;\">cubiertas, fachadas, canoas y estructuras met\u00e1licas.<\/span><\/h2>\n<h2 style=\"text-align: center;\"><span style=\"color: #ffffff;\">Contamos con mano de obra especializada en este tipo de trabajo brindando garant\u00eda y satisfacci\u00f3n a nuestros clientes, trabajamos con seguridad utilizando los implementos de seguridad y<\/span><br \/><span style=\"color: #ffffff;\">salud en el trabajo.<\/span><\/h2>\n<h2 style=\"text-align: center;\"><span style=\"color: #ffffff;\">Prestamos los servicios de instalaci\u00f3n y mantenimientos preventivos y correctivos para dar una mayor durabilidad a los<\/span><br \/><span style=\"color: #ffffff;\">productos<\/span><\/h2>\n<p>[\/et_pb_text][\/et_pb_column][\/et_pb_row][\/et_pb_section][et_pb_section fb_built=&#8221;1&#8243; admin_label=&#8221;Approach&#8221; _builder_version=&#8221;4.20.0&#8243; _module_preset=&#8221;default&#8221; collapsed=&#8221;on&#8221; global_colors_info=&#8221;{}&#8221;][et_pb_row column_structure=&#8221;1_2,1_2&#8243; _builder_version=&#8221;4.20.0&#8243; _module_preset=&#8221;default&#8221; global_colors_info=&#8221;{}&#8221;][et_pb_column type=&#8221;1_2&#8243; _builder_version=&#8221;4.20.0&#8243; _module_preset=&#8221;default&#8221; global_colors_info=&#8221;{}&#8221;][et_pb_image src=&#8221;https:\/\/servicubiertas.com\/wp-content\/uploads\/2023\/09\/co-working-14.png&#8221; title_text=&#8221;WhatsApp Image 2023-08-11 at 2.38.50 PM (2)&#8221; _builder_version=&#8221;4.22.1&#8243; _module_preset=&#8221;default&#8221; background_image=&#8221;https:\/\/servicubiertas.com\/wp-content\/uploads\/2023\/09\/WhatsApp-Image-2023-08-11-at-2.38.50-PM-2.webp&#8221; global_colors_info=&#8221;{}&#8221;][\/et_pb_image][et_pb_text _builder_version=&#8221;4.22.1&#8243; _module_preset=&#8221;921dea81-0ea0-4d51-8fc7-e41727bbc28a&#8221; custom_margin=&#8221;||0px|||&#8221; global_colors_info=&#8221;{}&#8221;]<\/p>\n<h2>Nuestra<\/h2>\n<p>[\/et_pb_text][et_pb_text _builder_version=&#8221;4.22.1&#8243; _module_preset=&#8221;921dea81-0ea0-4d51-8fc7-e41727bbc28a&#8221; global_colors_info=&#8221;{}&#8221;]<\/p>\n<h2><span style=\"color: #ff9900;\">Visi\u00f3n<\/span><\/h2>\n<p>[\/et_pb_text][et_pb_text _builder_version=&#8221;4.24.3&#8243; _module_preset=&#8221;cdabadb1-3e9b-40df-96b0-064b90198d43&#8243; hover_enabled=&#8221;0&#8243; global_colors_info=&#8221;{}&#8221; sticky_enabled=&#8221;0&#8243;]<\/p>\n<p style=\"text-align: justify;\">PARA EL 2030 SERVICUBIERTAS SAS SE VISUALIZA COMO UNA EMPRESA LIDER Y RECONOCIDA POR SUS ALTOS ESTANDARES DE CALIDAD EN LA INSTALACION DE CUBIERTAS Y FACHADAS ASI COMO SER LA SOLUCION INTEGRAL DE NUESTROS CLIENTES EN VARIOS REQUERIMIENTOS DEL SECTOR CONSTRUCCION. Visite a nuestros socios,<a href=\"https:\/\/www.high-endrolex.com\/\">shoes<\/a> \u2013 \u00a1l\u00edderes en calzado de moda!<\/p>\n<p>[\/et_pb_text][\/et_pb_column][et_pb_column type=&#8221;1_2&#8243; _builder_version=&#8221;4.20.0&#8243; _module_preset=&#8221;default&#8221; global_colors_info=&#8221;{}&#8221;][et_pb_text _builder_version=&#8221;4.22.1&#8243; _module_preset=&#8221;921dea81-0ea0-4d51-8fc7-e41727bbc28a&#8221; custom_margin=&#8221;||0px|||&#8221; global_colors_info=&#8221;{}&#8221;]<\/p>\n<h2>Nuestra<\/h2>\n<p>[\/et_pb_text][et_pb_text _builder_version=&#8221;4.22.1&#8243; _module_preset=&#8221;921dea81-0ea0-4d51-8fc7-e41727bbc28a&#8221; global_colors_info=&#8221;{}&#8221;]<\/p>\n<h2><span style=\"color: #ff9900;\">Misi\u00f3n<\/span><\/h2>\n<p>[\/et_pb_text][et_pb_text _builder_version=&#8221;4.22.1&#8243; _module_preset=&#8221;cdabadb1-3e9b-40df-96b0-064b90198d43&#8243; global_colors_info=&#8221;{}&#8221;]<\/p>\n<p style=\"text-align: justify;\">SERVICUBIERTAS SAS ES UNA EMPRESA DEDICADA A LA INSTALACION DE CUBIERTAS Y FACHADAS METALICAS, POLICARBONATO Y FIBROCEMENTO. OFRECEMOS MANO DE OBRA CALIFICADA Y DE CALIDAD PARA PROYECTOS INDUSTRIALES, INSTITUCIONALES.<\/p>\n<p>[\/et_pb_text][et_pb_image src=&#8221;https:\/\/servicubiertas.com\/wp-content\/uploads\/2023\/09\/co-working-15.png&#8221; title_text=&#8221;WhatsApp Image 2023-08-11 at 10.42.00 PM&#8221; _builder_version=&#8221;4.22.1&#8243; _module_preset=&#8221;default&#8221; background_image=&#8221;https:\/\/servicubiertas.com\/wp-content\/uploads\/2023\/09\/WhatsApp-Image-2023-08-11-at-10.42.00-PM.jpeg&#8221; global_colors_info=&#8221;{}&#8221;][\/et_pb_image][\/et_pb_column][\/et_pb_row][\/et_pb_section][et_pb_section fb_built=&#8221;1&#8243; admin_label=&#8221;Features&#8221; _builder_version=&#8221;4.20.0&#8243; _module_preset=&#8221;default&#8221; collapsed=&#8221;on&#8221; global_colors_info=&#8221;{}&#8221;][et_pb_row _builder_version=&#8221;4.20.0&#8243; _module_preset=&#8221;default&#8221; global_colors_info=&#8221;{}&#8221;][et_pb_column type=&#8221;4_4&#8243; _builder_version=&#8221;4.20.0&#8243; _module_preset=&#8221;default&#8221; global_colors_info=&#8221;{}&#8221;][et_pb_text _builder_version=&#8221;4.22.1&#8243; _module_preset=&#8221;921dea81-0ea0-4d51-8fc7-e41727bbc28a&#8221; global_colors_info=&#8221;{}&#8221;]<\/p>\n<h2>Nuestro valores<\/h2>\n<p>[\/et_pb_text][\/et_pb_column][\/et_pb_row][et_pb_row column_structure=&#8221;1_2,1_2&#8243; _builder_version=&#8221;4.20.0&#8243; _module_preset=&#8221;default&#8221; global_colors_info=&#8221;{}&#8221;][et_pb_column type=&#8221;1_2&#8243; _builder_version=&#8221;4.20.0&#8243; _module_preset=&#8221;default&#8221; global_colors_info=&#8221;{}&#8221;][et_pb_image src=&#8221;https:\/\/servicubiertas.com\/wp-content\/uploads\/2023\/09\/WhatsApp-Image-2023-08-11-at-10.42.03-PM.jpeg&#8221; title_text=&#8221;Cubierta&#8221; _builder_version=&#8221;4.22.1&#8243; _module_preset=&#8221;default&#8221; global_colors_info=&#8221;{}&#8221;][\/et_pb_image][\/et_pb_column][et_pb_column type=&#8221;1_2&#8243; _builder_version=&#8221;4.20.0&#8243; _module_preset=&#8221;default&#8221; global_colors_info=&#8221;{}&#8221;][et_pb_blurb title=&#8221;COMPROMISO&#8221; use_icon=&#8221;on&#8221; font_icon=&#8221;&#xe0a1;||divi||400&#8243; icon_color=&#8221;#000000&#8243; image_icon_background_color=&#8221;#FFFFFF&#8221; _builder_version=&#8221;4.22.1&#8243; _module_preset=&#8221;4b810428-f3e2-48fb-8099-dacd4aaa877a&#8221; locked=&#8221;off&#8221; global_colors_info=&#8221;{}&#8221;][\/et_pb_blurb][et_pb_blurb title=&#8221;RESPETO&#8221; use_icon=&#8221;on&#8221; font_icon=&#8221;&#x4e;||divi||400&#8243; icon_color=&#8221;#000000&#8243; image_icon_background_color=&#8221;#FFFFFF&#8221; _builder_version=&#8221;4.22.1&#8243; _module_preset=&#8221;4b810428-f3e2-48fb-8099-dacd4aaa877a&#8221; locked=&#8221;off&#8221; global_colors_info=&#8221;{}&#8221;][\/et_pb_blurb][et_pb_blurb title=&#8221;RESPOSNABILIDAD&#8221; use_icon=&#8221;on&#8221; font_icon=&#8221;&#x6a;||divi||400&#8243; icon_color=&#8221;#000000&#8243; image_icon_background_color=&#8221;#FFFFFF&#8221; _builder_version=&#8221;4.22.1&#8243; _module_preset=&#8221;4b810428-f3e2-48fb-8099-dacd4aaa877a&#8221; locked=&#8221;off&#8221; global_colors_info=&#8221;{}&#8221;][\/et_pb_blurb][et_pb_blurb title=&#8221;GESTI\u00d3N&#8221; use_icon=&#8221;on&#8221; font_icon=&#8221;&#xe109;||divi||400&#8243; icon_color=&#8221;#000000&#8243; image_icon_background_color=&#8221;#FFFFFF&#8221; _builder_version=&#8221;4.22.1&#8243; _module_preset=&#8221;4b810428-f3e2-48fb-8099-dacd4aaa877a&#8221; locked=&#8221;off&#8221; global_colors_info=&#8221;{}&#8221;][\/et_pb_blurb][et_pb_blurb title=&#8221;TRABAJO EN EQUIPO&#8221; use_icon=&#8221;on&#8221; font_icon=&#8221;&#xe08b;||divi||400&#8243; icon_color=&#8221;#000000&#8243; image_icon_background_color=&#8221;#FFFFFF&#8221; _builder_version=&#8221;4.22.1&#8243; _module_preset=&#8221;4b810428-f3e2-48fb-8099-dacd4aaa877a&#8221; custom_padding=&#8221;4px|||||&#8221; locked=&#8221;off&#8221; global_colors_info=&#8221;{}&#8221;][\/et_pb_blurb][\/et_pb_column][\/et_pb_row][\/et_pb_section][et_pb_section fb_built=&#8221;1&#8243; admin_label=&#8221;Testimonials&#8221; _builder_version=&#8221;4.20.0&#8243; _module_preset=&#8221;default&#8221; collapsed=&#8221;on&#8221; global_colors_info=&#8221;{}&#8221;][et_pb_row _builder_version=&#8221;4.20.0&#8243; _module_preset=&#8221;default&#8221; border_radii=&#8221;on|17px|17px|17px|17px&#8221; border_width_all=&#8221;1px&#8221; border_color_all=&#8221;#d3d3d3&#8243; global_colors_info=&#8221;{}&#8221;][et_pb_column type=&#8221;4_4&#8243; _builder_version=&#8221;4.20.0&#8243; _module_preset=&#8221;default&#8221; global_colors_info=&#8221;{}&#8221;][et_pb_icon font_icon=&#8221;&#x7b;||divi||400&#8243; icon_color=&#8221;#000000&#8243; icon_width_tablet=&#8221;56px&#8221; icon_width_phone=&#8221;36px&#8221; icon_width_last_edited=&#8221;on|phone&#8221; _builder_version=&#8221;4.20.0&#8243; _module_preset=&#8221;default&#8221; custom_margin=&#8221;||0px||false|false&#8221; global_colors_info=&#8221;{}&#8221;][\/et_pb_icon][et_pb_slider _builder_version=&#8221;4.22.1&#8243; _module_preset=&#8221;dc5c2106-5186-47b0-8d67-ed1770748313&#8243; locked=&#8221;off&#8221; global_colors_info=&#8221;{}&#8221;][et_pb_slide heading=&#8221;%22Cada obra o proyecto encomendado es realizado con altos est\u00e1ndares de gesti\u00f3n y compromiso, en los tiempos pactados, demostrando un firme respecto por la gesti\u00f3n de calidad y un s\u00f3lido trabajo en equipo.%22&#8243; _builder_version=&#8221;4.22.1&#8243; _module_preset=&#8221;default&#8221; background_color=&#8221;RGBA(255,255,255,0)&#8221; background_enable_color=&#8221;on&#8221; locked=&#8221;off&#8221; global_colors_info=&#8221;{}&#8221; sticky_transition=&#8221;on&#8221;][\/et_pb_slide][\/et_pb_slider][\/et_pb_column][\/et_pb_row][\/et_pb_section][et_pb_section fb_built=&#8221;1&#8243; admin_label=&#8221;CTA&#8221; _builder_version=&#8221;4.22.1&#8243; _module_preset=&#8221;default&#8221; background_image=&#8221;https:\/\/servicubiertas.com\/wp-content\/uploads\/2023\/09\/WhatsApp-Image-2023-08-11-at-2.32.58-PM-3.webp&#8221; collapsed=&#8221;on&#8221; global_colors_info=&#8221;{}&#8221;][et_pb_row column_structure=&#8221;1_2,1_2&#8243; _builder_version=&#8221;4.20.0&#8243; _module_preset=&#8221;default&#8221; global_colors_info=&#8221;{}&#8221;][et_pb_column type=&#8221;1_2&#8243; _builder_version=&#8221;4.20.0&#8243; _module_preset=&#8221;default&#8221; global_colors_info=&#8221;{}&#8221;][et_pb_text _builder_version=&#8221;4.20.0&#8243; _module_preset=&#8221;921dea81-0ea0-4d51-8fc7-e41727bbc28a&#8221; global_colors_info=&#8221;{}&#8221;]<\/p>\n<h2>PORTAFOLIO DE SERVICIOS<\/h2>\n<p>[\/et_pb_text][et_pb_button button_text=&#8221;PORTAFOLIO DE SERVICIOS&#8221; _builder_version=&#8221;4.22.1&#8243; _module_preset=&#8221;2f2d42c1-a935-4aeb-a196-6fa8dd70f0ee&#8221; locked=&#8221;off&#8221; global_colors_info=&#8221;{}&#8221;][\/et_pb_button][\/et_pb_column][et_pb_column type=&#8221;1_2&#8243; _builder_version=&#8221;4.20.0&#8243; _module_preset=&#8221;default&#8221; global_colors_info=&#8221;{}&#8221;][\/et_pb_column][\/et_pb_row][\/et_pb_section][et_pb_section fb_built=&#8221;1&#8243; admin_label=&#8221;Footer&#8221; _builder_version=&#8221;4.20.0&#8243; _module_preset=&#8221;default&#8221; collapsed=&#8221;on&#8221; global_colors_info=&#8221;{}&#8221;][et_pb_row _builder_version=&#8221;4.20.0&#8243; _module_preset=&#8221;default&#8221; custom_padding=&#8221;||0px||false|false&#8221; global_colors_info=&#8221;{}&#8221;][et_pb_column type=&#8221;4_4&#8243; _builder_version=&#8221;4.20.0&#8243; _module_preset=&#8221;default&#8221; global_colors_info=&#8221;{}&#8221;][et_pb_text _builder_version=&#8221;4.20.0&#8243; _module_preset=&#8221;881a495e-64b3-411c-8fcc-b67b7c6fe510&#8243; global_colors_info=&#8221;{}&#8221;]<\/p>\n<h5>Follow Us<\/h5>\n<p>[\/et_pb_text][\/et_pb_column][\/et_pb_row][et_pb_row column_structure=&#8221;1_2,1_2&#8243; _builder_version=&#8221;4.20.0&#8243; _module_preset=&#8221;default&#8221; global_colors_info=&#8221;{}&#8221;][et_pb_column type=&#8221;1_2&#8243; _builder_version=&#8221;4.20.0&#8243; _module_preset=&#8221;default&#8221; global_colors_info=&#8221;{}&#8221;][et_pb_social_media_follow icon_color=&#8221;#000000&#8243; use_icon_font_size=&#8221;on&#8221; icon_font_size=&#8221;20px&#8221; icon_font_size_tablet=&#8221;18px&#8221; icon_font_size_phone=&#8221;16px&#8221; icon_font_size_last_edited=&#8221;on|phone&#8221; _builder_version=&#8221;4.20.0&#8243; _module_preset=&#8221;default&#8221; border_radii=&#8221;on|100px|100px|100px|100px&#8221; global_colors_info=&#8221;{}&#8221;][et_pb_social_media_follow_network social_network=&#8221;facebook&#8221; _builder_version=&#8221;4.20.0&#8243; _module_preset=&#8221;default&#8221; background_color=&#8221;gcid-ee37f9db-558a-4c1e-93ad-2fb984fae1ac&#8221; background_enable_color=&#8221;on&#8221; global_colors_info=&#8221;{%22gcid-ee37f9db-558a-4c1e-93ad-2fb984fae1ac%22:%91%22background_color%22%93}&#8221; follow_button=&#8221;off&#8221; url_new_window=&#8221;on&#8221;]facebook[\/et_pb_social_media_follow_network][et_pb_social_media_follow_network social_network=&#8221;twitter&#8221; _builder_version=&#8221;4.20.0&#8243; _module_preset=&#8221;default&#8221; background_color=&#8221;gcid-ee37f9db-558a-4c1e-93ad-2fb984fae1ac&#8221; background_enable_color=&#8221;on&#8221; global_colors_info=&#8221;{%22gcid-ee37f9db-558a-4c1e-93ad-2fb984fae1ac%22:%91%22background_color%22%93}&#8221; follow_button=&#8221;off&#8221; url_new_window=&#8221;on&#8221;]twitter[\/et_pb_social_media_follow_network][et_pb_social_media_follow_network social_network=&#8221;instagram&#8221; _builder_version=&#8221;4.20.0&#8243; _module_preset=&#8221;default&#8221; background_color=&#8221;gcid-ee37f9db-558a-4c1e-93ad-2fb984fae1ac&#8221; background_enable_color=&#8221;on&#8221; global_colors_info=&#8221;{%22gcid-ee37f9db-558a-4c1e-93ad-2fb984fae1ac%22:%91%22background_color%22%93}&#8221; follow_button=&#8221;off&#8221; url_new_window=&#8221;on&#8221;]instagram[\/et_pb_social_media_follow_network][\/et_pb_social_media_follow][\/et_pb_column][et_pb_column type=&#8221;1_2&#8243; _builder_version=&#8221;4.20.0&#8243; _module_preset=&#8221;default&#8221; custom_padding=&#8221;16px||||false|false&#8221; custom_padding_tablet=&#8221;0px||||false|false&#8221; custom_padding_phone=&#8221;&#8221; custom_padding_last_edited=&#8221;on|desktop&#8221; global_colors_info=&#8221;{}&#8221;][et_pb_text _builder_version=&#8221;4.22.1&#8243; _dynamic_attributes=&#8221;content&#8221; _module_preset=&#8221;0d54a781-6338-41ea-aa89-ca45dc436300&#8243; text_orientation=&#8221;right&#8221; text_orientation_tablet=&#8221;left&#8221; text_orientation_phone=&#8221;&#8221; text_orientation_last_edited=&#8221;on|tablet&#8221; global_colors_info=&#8221;{}&#8221;]@ET-DC@eyJkeW5hbWljIjp0cnVlLCJjb250ZW50IjoiY3VycmVudF9kYXRlIiwic2V0dGluZ3MiOnsiYmVmb3JlIjoiQ29weXJpZ2h0ICZjb3B5OyAiLCJhZnRlciI6IlNlcnZpY3ViaWVydGFzLiBEZXJlY2hvcyByZXNlcnZhZG9zLiIsImRhdGVfZm9ybWF0IjoiY3VzdG9tIiwiY3VzdG9tX2RhdGVfZm9ybWF0IjoiWSJ9fQ==@[\/et_pb_text][\/et_pb_column][\/et_pb_row][\/et_pb_section]<\/p>\n","protected":false},"excerpt":{"rendered":"<p>NOSOTROSSomos una empresa dedicada a la fabricaci\u00f3n e instalaci\u00f3n de cubiertas, fachadas, canoas y estructuras met\u00e1licas. Contamos con mano de obra especializada en este tipo de trabajo brindando garant\u00eda y satisfacci\u00f3n a nuestros clientes, trabajamos con seguridad utilizando los implementos de seguridad ysalud en el trabajo. Prestamos los servicios de instalaci\u00f3n y mantenimientos preventivos y [&hellip;]<\/p>\n","protected":false},"author":1,"featured_media":0,"parent":0,"menu_order":0,"comment_status":"closed","ping_status":"closed","template":"","meta":{"_et_pb_use_builder":"on","_et_pb_old_content":"","_et_gb_content_width":"","footnotes":""},"class_list":["post-55","page","type-page","status-publish","hentry"],"_links":{"self":[{"href":"https:\/\/servicubiertas.com\/index.php\/wp-json\/wp\/v2\/pages\/55","targetHints":{"allow":["GET"]}}],"collection":[{"href":"https:\/\/servicubiertas.com\/index.php\/wp-json\/wp\/v2\/pages"}],"about":[{"href":"https:\/\/servicubiertas.com\/index.php\/wp-json\/wp\/v2\/types\/page"}],"author":[{"embeddable":true,"href":"https:\/\/servicubiertas.com\/index.php\/wp-json\/wp\/v2\/users\/1"}],"replies":[{"embeddable":true,"href":"https:\/\/servicubiertas.com\/index.php\/wp-json\/wp\/v2\/comments?post=55"}],"version-history":[{"count":6,"href":"https:\/\/servicubiertas.com\/index.php\/wp-json\/wp\/v2\/pages\/55\/revisions"}],"predecessor-version":[{"id":110,"href":"https:\/\/servicubiertas.com\/index.php\/wp-json\/wp\/v2\/pages\/55\/revisions\/110"}],"wp:attachment":[{"href":"https:\/\/servicubiertas.com\/index.php\/wp-json\/wp\/v2\/media?parent=55"}],"curies":[{"name":"wp","href":"https:\/\/api.w.org\/{rel}","templated":true}]}}